{"id":71840,"date":"2021-09-14T13:51:46","date_gmt":"2021-09-14T11:51:46","guid":{"rendered":"https:\/\/www.staatsbad.de\/wochenendausflug\/"},"modified":"2025-11-14T17:00:46","modified_gmt":"2025-11-14T16:00:46","slug":"wochenendausflug","status":"publish","type":"page","link":"https:\/\/www.staatsbad.de\/en\/wochenendausflug\/","title":{"rendered":"Weekendtrip"},"content":{"rendered":"<h1>Verbringen Sie ein Wochenende im Staatsbad Bad Br\u00fcckenau<\/h1>\n<p>Das Schlosspark-Ensemble ist ein sch\u00f6nes Ausflugsziel f\u00fcr einen Kurztrip. Die Kurstadt bietet Wellness und Erholung genauso wie interessante Veranstaltungen am Wochenende. Wenn Sie sich f\u00fcr einen Wochenend-Ausflug in das Staatsbad Bad Br\u00fcckenau interessieren, senden wir Ihnen gerne <a href=\"https:\/\/www.staatsbad.de\/kontakt-service-im-staatsbad\/kontaktformular-bad-brueckenau\/\">Prospektmaterial <\/a>zu oder beraten Sie bez\u00fcglich Unterkunft und Aktivit\u00e4ten.<!--more--><\/p>\n<h2><\/h2>\n<h2>Finden Sie eine passende Unterkunft f\u00fcr Ihren Wochenendausflug<\/h2>\n<p>Das Staatsbad Bad Br\u00fcckenau bietet zahlreiche <a href=\"https:\/\/www.staatsbad.de\/hotels-gastronomie-in-bad-brueckenau\/hotels-in-bad-brueckenau\/hotelliste-bad-brueckenau\/\">Unterk\u00fcnfte <\/a>verschiedener Kategorien. In der <a href=\"https:\/\/www.staatsbad.de\/hotel-kategorie\/royal-class\/\"><strong>Royal Class<\/strong><\/a> erhalten Sie jeden nur erdenklichen Komfort und Luxus, und k\u00f6nnen die internen Wellnessbereiche ausgiebig nutzen. Die <a href=\"https:\/\/www.staatsbad.de\/hotel-kategorie\/comfort-class\/\"><strong>Comfort Class<\/strong><\/a> bietet gehobenen Komfort und Service bei moderaten Preisen. Sie k\u00f6nnen aber ebenso die famili\u00e4re Anbindung unserer Ferienwohnungen in der <a href=\"https:\/\/www.staatsbad.de\/hotel-kategorie\/economy-class\/\"><strong>Economy Class<\/strong><\/a> nutzen. Au\u00dferdem stehen Kliniken und Sanatorien in der <a href=\"https:\/\/www.staatsbad.de\/hotel-kategorie\/medical-class\/\"><strong>Medical Class<\/strong><\/a> zur Verf\u00fcgung.<\/p>\n<p>F\u00fcr Ihren Aufenthalt im Staatsbad zahlen Sie t\u00e4glich Kurtaxe, die Sie in Ihrer Unterkunft entrichten k\u00f6nnen. Diese Eintrittskarte &#8211; <a href=\"https:\/\/www.staatsbad.de\/wp-content\/uploads\/2018\/12\/Flyer-Leistungen-Gastkarte-Tageskarte-1.pdf\" target=\"_blank\" rel=\"noopener\">Ihre Gastkarte<\/a> &#8211; \u00a0im Staatsbad erm\u00f6glicht Ihnen die kostenlose Nutzung vieler unserer <a href=\"https:\/\/www.staatsbad.de\/freizeit-bad-brueckenau\/fuehrungen-bad-brueckenau\/\">F\u00fchrungen<\/a>, <a href=\"https:\/\/www.staatsbad.de\/veranstaltungen-im-staatsbad-bad-brueckenau\/veranstaltungskalender-staatsbad\/\">Veranstaltungen <\/a>oder Konzerte.<\/p>\n<p>Schauen Sie sich auf unserer Seite um und suchen Sie sich Ihre individuell passende Unterkunft im Staatsbad Bad Br\u00fcckenau. Gerne sind wir Ihnen auch bei der Suche behilflich.<\/p>\n<p>&nbsp;<\/p>\n<h2>Ruhe und Wellness im Staatsbad Bad Br\u00fcckenau<\/h2>\n<p>Wer das Staatsbad Bad Br\u00fcckenau besucht, der sollte die Erholung und Entspannung genie\u00dfen, die sich ihm bietet. Die Natur der Rh\u00f6n kann bei einer Wanderung oder einem Spaziergang genossen werden. Wer Wellness m\u00f6chte, sollte die Wellness- und Spa-Bereiche der ans\u00e4ssigen Hotels und der Therme Vital Spa ausprobieren.<\/p>\n<p>An dieser Stelle m\u00f6chten wir vor allem das <a href=\"https:\/\/www.staatsbad.de\/gesundheit-im-staatsbad-bad-brueckenau\/wellness-bad-brueckenau\/gesundzeit-vital-spa-bad-brueckenau\/\">Vital Spa &amp; Garden<\/a> im\u00a0<a href=\"https:\/\/www.staatsbad.de\/hotels\/dorint-resort-und-spa\/\"><strong>Dorint Resort &amp; Spa<\/strong><\/a> hervorheben. Sollten Sie dieses Hotel als Unterkunft w\u00e4hlen, steht Ihnen der Spa-Bereich selbstverst\u00e4ndlich kostenlos zur Verf\u00fcgung. Alle anderen G\u00e4ste k\u00f6nnen das Daily-Spa nutzen und ab 17,50 \u20ac pro Person\/3 Std.-Karte\u00a0alle Vorteile des Spas nutzen, wie Heilwasserausschank, oder eine Trockenobst- und Teeauswahl. Relaxen Sie im\u00a0Outdoorpool oder saunieren Sie in einer der vielen Saunen.<\/p>\n<p>Selbstverst\u00e4ndlich k\u00f6nnen Sie auch vielf\u00e4ltige Anwendungen wie Massagen, B\u00e4der und vieles mehr in unseren Wellness-Hotels buchen und genie\u00dfen. Mehr Infos Tel.: 09741 \/ 85-700.<\/p>\n<p>&nbsp;<\/p>\n<h2>Probieren Sie unser Heilquellenwasser<\/h2>\n<p>Dank seiner f\u00fcnf\u00a0<a href=\"https:\/\/www.staatsbad.de\/gesundheit-im-staatsbad-bad-brueckenau\/heilquellen-in-bad-brueckenau\/\">Heilquellen <\/a>ist das Staatsbad Bad Br\u00fcckenau bereits seit der Zeit von K\u00f6nig Ludwig I. als Kurort sehr beliebt. Unser besonders wohlschmeckendes Heilwasser enth\u00e4lt viele Inhaltsstoffe wie Mineralien und Spurenelemente, die sich positiv auf zahlreiche Krankheitsbilder auswirken und zu Ihrem Wohlbefinden beitragen. In unserer modernen Heilquellen-Lounge k\u00f6nnen Sie das Wasser in angenehm ruhiger und entspannter Atmosph\u00e4re genie\u00dfen.<\/p>\n<p>&nbsp;<\/p>\n<h2>Veranstaltungen, historische F\u00fchrungen und Sightseeing<\/h2>\n<p>Wenn Sie im Staatsbad Bad Br\u00fcckenau f\u00fcr ein Wochenende zu Gast sind, sollten Sie sich unbedingt den <a href=\"https:\/\/www.staatsbad.de\/das-staatsbad-bad-brueckenau\/schlosspark-bad-brueckenau\/\">Schlosspark <\/a>mit den umliegenden historischen Geb\u00e4uden aus der N\u00e4he anschauen. Regelm\u00e4\u00dfig bietet unser hauseigenes Orchester Konzerte und auch Vortr\u00e4ge \u00fcber Gesundheitsthemen werden gegeben. Wenn Sie das Staatsbad nicht auf eigene Faust erkunden m\u00f6chten, schlie\u00dfen Sie sich doch einer unserer historischen <a href=\"https:\/\/www.staatsbad.de\/freizeit-bad-brueckenau\/fuehrungen-bad-brueckenau\/\">F\u00fchrungen<\/a> an. So verpassen Sie auf unterhaltsame Weise garantiert kein Highlight im Staatsbad\u00a0 Bad Br\u00fcckenau.<\/p>\n<p>&nbsp;<\/p>\n","protected":false},"excerpt":{"rendered":"<p>Verbringen Sie ein Wochenende im Staatsbad Bad Br\u00fcckenau Das Schlosspark-Ensemble ist ein sch\u00f6nes Ausflugsziel f\u00fcr einen Kurztrip. Die Kurstadt bietet Wellness und Erholung genauso wie interessante Veranstaltungen am Wochenende. Wenn&#8230;<\/p>\n","protected":false},"author":1,"featured_media":36957,"parent":0,"menu_order":0,"comment_status":"closed","ping_status":"closed","template":"page-custom.php","meta":{"_acf_changed":false,"footnotes":""},"class_list":["post-71840","page","type-page","status-publish","has-post-thumbnail","hentry"],"acf":[],"yoast_head":"<!-- This site is optimized with the Yoast SEO plugin v27.5 - https:\/\/yoast.com\/product\/yoast-seo-wordpress\/ -->\n<title>Weekendtrip | Staatsbad<\/title>\n<meta name=\"robots\" content=\"index, follow, max-snippet:-1, max-image-preview:large, max-video-preview:-1\" \/>\n<link rel=\"canonical\" href=\"https:\/\/www.staatsbad.de\/en\/wochenendausflug\/\" \/>\n<meta property=\"og:locale\" content=\"en_US\" \/>\n<meta property=\"og:type\" content=\"article\" \/>\n<meta property=\"og:title\" content=\"Weekendtrip | Staatsbad\" \/>\n<meta property=\"og:description\" content=\"Verbringen Sie ein Wochenende im Staatsbad Bad Br\u00fcckenau Das Schlosspark-Ensemble ist ein sch\u00f6nes Ausflugsziel f\u00fcr einen Kurztrip. Die Kurstadt bietet Wellness und Erholung genauso wie interessante Veranstaltungen am Wochenende. Wenn...\" \/>\n<meta property=\"og:url\" content=\"https:\/\/www.staatsbad.de\/en\/wochenendausflug\/\" \/>\n<meta property=\"og:site_name\" content=\"Staatsbad\" \/>\n<meta property=\"article:modified_time\" content=\"2025-11-14T16:00:46+00:00\" \/>\n<meta property=\"og:image\" content=\"https:\/\/www.staatsbad.de\/wp-content\/uploads\/2022\/03\/staatsbad-startseite-wochenendbesuche.jpg\" \/>\n\t<meta property=\"og:image:width\" content=\"314\" \/>\n\t<meta property=\"og:image:height\" content=\"213\" \/>\n\t<meta property=\"og:image:type\" content=\"image\/jpeg\" \/>\n<meta name=\"twitter:card\" content=\"summary_large_image\" \/>\n<meta name=\"twitter:label1\" content=\"Est. reading time\" \/>\n\t<meta name=\"twitter:data1\" content=\"3 minutes\" \/>\n<script type=\"application\/ld+json\" class=\"yoast-schema-graph\">{\"@context\":\"https:\\\/\\\/schema.org\",\"@graph\":[{\"@type\":\"WebPage\",\"@id\":\"https:\\\/\\\/www.staatsbad.de\\\/en\\\/wochenendausflug\\\/\",\"url\":\"https:\\\/\\\/www.staatsbad.de\\\/en\\\/wochenendausflug\\\/\",\"name\":\"Weekendtrip | Staatsbad\",\"isPartOf\":{\"@id\":\"https:\\\/\\\/www.staatsbad.de\\\/#website\"},\"primaryImageOfPage\":{\"@id\":\"https:\\\/\\\/www.staatsbad.de\\\/en\\\/wochenendausflug\\\/#primaryimage\"},\"image\":{\"@id\":\"https:\\\/\\\/www.staatsbad.de\\\/en\\\/wochenendausflug\\\/#primaryimage\"},\"thumbnailUrl\":\"https:\\\/\\\/www.staatsbad.de\\\/wp-content\\\/uploads\\\/2022\\\/03\\\/staatsbad-startseite-wochenendbesuche.jpg\",\"datePublished\":\"2021-09-14T11:51:46+00:00\",\"dateModified\":\"2025-11-14T16:00:46+00:00\",\"breadcrumb\":{\"@id\":\"https:\\\/\\\/www.staatsbad.de\\\/en\\\/wochenendausflug\\\/#breadcrumb\"},\"inLanguage\":\"en-US\",\"potentialAction\":[{\"@type\":\"ReadAction\",\"target\":[\"https:\\\/\\\/www.staatsbad.de\\\/en\\\/wochenendausflug\\\/\"]}]},{\"@type\":\"ImageObject\",\"inLanguage\":\"en-US\",\"@id\":\"https:\\\/\\\/www.staatsbad.de\\\/en\\\/wochenendausflug\\\/#primaryimage\",\"url\":\"https:\\\/\\\/www.staatsbad.de\\\/wp-content\\\/uploads\\\/2022\\\/03\\\/staatsbad-startseite-wochenendbesuche.jpg\",\"contentUrl\":\"https:\\\/\\\/www.staatsbad.de\\\/wp-content\\\/uploads\\\/2022\\\/03\\\/staatsbad-startseite-wochenendbesuche.jpg\",\"width\":314,\"height\":213},{\"@type\":\"BreadcrumbList\",\"@id\":\"https:\\\/\\\/www.staatsbad.de\\\/en\\\/wochenendausflug\\\/#breadcrumb\",\"itemListElement\":[{\"@type\":\"ListItem\",\"position\":1,\"name\":\"Startseite\",\"item\":\"https:\\\/\\\/www.staatsbad.de\\\/en\\\/das-staatsbad-2\\\/\"},{\"@type\":\"ListItem\",\"position\":2,\"name\":\"Weekendtrip\"}]},{\"@type\":\"WebSite\",\"@id\":\"https:\\\/\\\/www.staatsbad.de\\\/#website\",\"url\":\"https:\\\/\\\/www.staatsbad.de\\\/\",\"name\":\"Staatsbad\",\"description\":\"\",\"potentialAction\":[{\"@type\":\"SearchAction\",\"target\":{\"@type\":\"EntryPoint\",\"urlTemplate\":\"https:\\\/\\\/www.staatsbad.de\\\/?s={search_term_string}\"},\"query-input\":{\"@type\":\"PropertyValueSpecification\",\"valueRequired\":true,\"valueName\":\"search_term_string\"}}],\"inLanguage\":\"en-US\"}]}<\/script>\n<!-- \/ Yoast SEO plugin. -->","yoast_head_json":{"title":"Weekendtrip | Staatsbad","robots":{"index":"index","follow":"follow","max-snippet":"max-snippet:-1","max-image-preview":"max-image-preview:large","max-video-preview":"max-video-preview:-1"},"canonical":"https:\/\/www.staatsbad.de\/en\/wochenendausflug\/","og_locale":"en_US","og_type":"article","og_title":"Weekendtrip | Staatsbad","og_description":"Verbringen Sie ein Wochenende im Staatsbad Bad Br\u00fcckenau Das Schlosspark-Ensemble ist ein sch\u00f6nes Ausflugsziel f\u00fcr einen Kurztrip. Die Kurstadt bietet Wellness und Erholung genauso wie interessante Veranstaltungen am Wochenende. Wenn...","og_url":"https:\/\/www.staatsbad.de\/en\/wochenendausflug\/","og_site_name":"Staatsbad","article_modified_time":"2025-11-14T16:00:46+00:00","og_image":[{"width":314,"height":213,"url":"https:\/\/www.staatsbad.de\/wp-content\/uploads\/2022\/03\/staatsbad-startseite-wochenendbesuche.jpg","type":"image\/jpeg"}],"twitter_card":"summary_large_image","twitter_misc":{"Est. reading time":"3 minutes"},"schema":{"@context":"https:\/\/schema.org","@graph":[{"@type":"WebPage","@id":"https:\/\/www.staatsbad.de\/en\/wochenendausflug\/","url":"https:\/\/www.staatsbad.de\/en\/wochenendausflug\/","name":"Weekendtrip | Staatsbad","isPartOf":{"@id":"https:\/\/www.staatsbad.de\/#website"},"primaryImageOfPage":{"@id":"https:\/\/www.staatsbad.de\/en\/wochenendausflug\/#primaryimage"},"image":{"@id":"https:\/\/www.staatsbad.de\/en\/wochenendausflug\/#primaryimage"},"thumbnailUrl":"https:\/\/www.staatsbad.de\/wp-content\/uploads\/2022\/03\/staatsbad-startseite-wochenendbesuche.jpg","datePublished":"2021-09-14T11:51:46+00:00","dateModified":"2025-11-14T16:00:46+00:00","breadcrumb":{"@id":"https:\/\/www.staatsbad.de\/en\/wochenendausflug\/#breadcrumb"},"inLanguage":"en-US","potentialAction":[{"@type":"ReadAction","target":["https:\/\/www.staatsbad.de\/en\/wochenendausflug\/"]}]},{"@type":"ImageObject","inLanguage":"en-US","@id":"https:\/\/www.staatsbad.de\/en\/wochenendausflug\/#primaryimage","url":"https:\/\/www.staatsbad.de\/wp-content\/uploads\/2022\/03\/staatsbad-startseite-wochenendbesuche.jpg","contentUrl":"https:\/\/www.staatsbad.de\/wp-content\/uploads\/2022\/03\/staatsbad-startseite-wochenendbesuche.jpg","width":314,"height":213},{"@type":"BreadcrumbList","@id":"https:\/\/www.staatsbad.de\/en\/wochenendausflug\/#breadcrumb","itemListElement":[{"@type":"ListItem","position":1,"name":"Startseite","item":"https:\/\/www.staatsbad.de\/en\/das-staatsbad-2\/"},{"@type":"ListItem","position":2,"name":"Weekendtrip"}]},{"@type":"WebSite","@id":"https:\/\/www.staatsbad.de\/#website","url":"https:\/\/www.staatsbad.de\/","name":"Staatsbad","description":"","potentialAction":[{"@type":"SearchAction","target":{"@type":"EntryPoint","urlTemplate":"https:\/\/www.staatsbad.de\/?s={search_term_string}"},"query-input":{"@type":"PropertyValueSpecification","valueRequired":true,"valueName":"search_term_string"}}],"inLanguage":"en-US"}]}},"_links":{"self":[{"href":"https:\/\/www.staatsbad.de\/en\/wp-json\/wp\/v2\/pages\/71840","targetHints":{"allow":["GET"]}}],"collection":[{"href":"https:\/\/www.staatsbad.de\/en\/wp-json\/wp\/v2\/pages"}],"about":[{"href":"https:\/\/www.staatsbad.de\/en\/wp-json\/wp\/v2\/types\/page"}],"author":[{"embeddable":true,"href":"https:\/\/www.staatsbad.de\/en\/wp-json\/wp\/v2\/users\/1"}],"replies":[{"embeddable":true,"href":"https:\/\/www.staatsbad.de\/en\/wp-json\/wp\/v2\/comments?post=71840"}],"version-history":[{"count":19,"href":"https:\/\/www.staatsbad.de\/en\/wp-json\/wp\/v2\/pages\/71840\/revisions"}],"predecessor-version":[{"id":81885,"href":"https:\/\/www.staatsbad.de\/en\/wp-json\/wp\/v2\/pages\/71840\/revisions\/81885"}],"wp:featuredmedia":[{"embeddable":true,"href":"https:\/\/www.staatsbad.de\/en\/wp-json\/wp\/v2\/media\/36957"}],"wp:attachment":[{"href":"https:\/\/www.staatsbad.de\/en\/wp-json\/wp\/v2\/media?parent=71840"}],"curies":[{"name":"wp","href":"https:\/\/api.w.org\/{rel}","templated":true}]}}