{"id":71923,"date":"2022-06-24T10:49:57","date_gmt":"2022-06-24T08:49:57","guid":{"rendered":"https:\/\/www.staatsbad.de\/unterkuenfte\/"},"modified":"2025-11-14T16:58:54","modified_gmt":"2025-11-14T15:58:54","slug":"unterkuenfte","status":"publish","type":"page","link":"https:\/\/www.staatsbad.de\/en\/unterkuenfte\/","title":{"rendered":"Accommodation"},"content":{"rendered":"<h2>Unterk\u00fcnfte &amp; Gastronomie im Staatsbad Bad Br\u00fcckenau<\/h2>\n<p><!--abschnitt--><\/p>\n<ul>\n<li>Die\u00a0Staatsbadkarte\u00a0zeigt die Lage Ihres Gastgebers<\/li>\n<li>Bewegen Sie den Mauszeiger \u00fcber die F\u00e4hnchen,\u00a0<strong>mit einem Klick sind Sie bei\u00a0<\/strong>Ihrem Gastgeber.<\/li>\n<li>Mit gedr\u00fcckter linker Maustaste verschieben Sie den Kartenausschnitt.<\/li>\n<li>Mit der Plus-\/Minusfunktion in der Karte k\u00f6nnen Sie den Ausschnitt vergr\u00f6\u00dfern\/verkleinern.<\/li>\n<li>\u00dcbrigens, die Staatsbad-Gastgeber \u00fcberreichen Ihnen Ihre Gastkarte bei der Anreise, das Leistungspaket auf einen Blick\u2026<strong><a href=\"https:\/\/www.staatsbad.de\/kontakt-service\/service\/gastkarte-kurtaxe\/\" target=\"_blank\" rel=\"noopener\">hier<\/a><\/strong>.<\/li>\n<li>Auch ohne eigenen Pkw sind Sie in Bad Br\u00fcckenau mobil und auch f\u00fcr die Anreise\/Abreise bis\/ab Fulda mit dem Zug sehen Sie\u00a0<strong><a href=\"https:\/\/www.staatsbad.de\/en\/kontakt-service\/anreise\/\" target=\"_blank\" rel=\"noopener\">hier<\/a><\/strong>\u00a0die Verbindungen.<\/li>\n<\/ul>\n","protected":false},"excerpt":{"rendered":"<p>Unterk\u00fcnfte &amp; Gastronomie im Staatsbad Bad Br\u00fcckenau Die\u00a0Staatsbadkarte\u00a0zeigt die Lage Ihres Gastgebers Bewegen Sie den Mauszeiger \u00fcber die F\u00e4hnchen,\u00a0mit einem Klick sind Sie bei\u00a0Ihrem Gastgeber. Mit gedr\u00fcckter linker Maustaste verschieben&#8230;<\/p>\n","protected":false},"author":1,"featured_media":38671,"parent":0,"menu_order":0,"comment_status":"closed","ping_status":"closed","template":"page-custom.php","meta":{"_acf_changed":false,"footnotes":""},"class_list":["post-71923","page","type-page","status-publish","has-post-thumbnail","hentry"],"acf":[],"yoast_head":"<!-- This site is optimized with the Yoast SEO plugin v27.5 - https:\/\/yoast.com\/product\/yoast-seo-wordpress\/ -->\n<title>Accommodation | Staatsbad<\/title>\n<meta name=\"robots\" content=\"index, follow, max-snippet:-1, max-image-preview:large, max-video-preview:-1\" \/>\n<link rel=\"canonical\" href=\"https:\/\/www.staatsbad.de\/en\/unterkuenfte\/\" \/>\n<meta property=\"og:locale\" content=\"en_US\" \/>\n<meta property=\"og:type\" content=\"article\" \/>\n<meta property=\"og:title\" content=\"Accommodation | Staatsbad\" \/>\n<meta property=\"og:description\" content=\"Unterk\u00fcnfte &amp; Gastronomie im Staatsbad Bad Br\u00fcckenau Die\u00a0Staatsbadkarte\u00a0zeigt die Lage Ihres Gastgebers Bewegen Sie den Mauszeiger \u00fcber die F\u00e4hnchen,\u00a0mit einem Klick sind Sie bei\u00a0Ihrem Gastgeber. Mit gedr\u00fcckter linker Maustaste verschieben...\" \/>\n<meta property=\"og:url\" content=\"https:\/\/www.staatsbad.de\/en\/unterkuenfte\/\" \/>\n<meta property=\"og:site_name\" content=\"Staatsbad\" \/>\n<meta property=\"article:modified_time\" content=\"2025-11-14T15:58:54+00:00\" \/>\n<meta property=\"og:image\" content=\"https:\/\/www.staatsbad.de\/wp-content\/uploads\/2022\/03\/header_unterkuenfte.png\" \/>\n\t<meta property=\"og:image:width\" content=\"870\" \/>\n\t<meta property=\"og:image:height\" content=\"640\" \/>\n\t<meta property=\"og:image:type\" content=\"image\/png\" \/>\n<meta name=\"twitter:card\" content=\"summary_large_image\" \/>\n<meta name=\"twitter:label1\" content=\"Est. reading time\" \/>\n\t<meta name=\"twitter:data1\" content=\"1 minute\" \/>\n<script type=\"application\/ld+json\" class=\"yoast-schema-graph\">{\"@context\":\"https:\\\/\\\/schema.org\",\"@graph\":[{\"@type\":\"WebPage\",\"@id\":\"https:\\\/\\\/www.staatsbad.de\\\/en\\\/unterkuenfte\\\/\",\"url\":\"https:\\\/\\\/www.staatsbad.de\\\/en\\\/unterkuenfte\\\/\",\"name\":\"Accommodation | Staatsbad\",\"isPartOf\":{\"@id\":\"https:\\\/\\\/www.staatsbad.de\\\/#website\"},\"primaryImageOfPage\":{\"@id\":\"https:\\\/\\\/www.staatsbad.de\\\/en\\\/unterkuenfte\\\/#primaryimage\"},\"image\":{\"@id\":\"https:\\\/\\\/www.staatsbad.de\\\/en\\\/unterkuenfte\\\/#primaryimage\"},\"thumbnailUrl\":\"https:\\\/\\\/www.staatsbad.de\\\/wp-content\\\/uploads\\\/2022\\\/03\\\/header_unterkuenfte.png\",\"datePublished\":\"2022-06-24T08:49:57+00:00\",\"dateModified\":\"2025-11-14T15:58:54+00:00\",\"breadcrumb\":{\"@id\":\"https:\\\/\\\/www.staatsbad.de\\\/en\\\/unterkuenfte\\\/#breadcrumb\"},\"inLanguage\":\"en-US\",\"potentialAction\":[{\"@type\":\"ReadAction\",\"target\":[\"https:\\\/\\\/www.staatsbad.de\\\/en\\\/unterkuenfte\\\/\"]}]},{\"@type\":\"ImageObject\",\"inLanguage\":\"en-US\",\"@id\":\"https:\\\/\\\/www.staatsbad.de\\\/en\\\/unterkuenfte\\\/#primaryimage\",\"url\":\"https:\\\/\\\/www.staatsbad.de\\\/wp-content\\\/uploads\\\/2022\\\/03\\\/header_unterkuenfte.png\",\"contentUrl\":\"https:\\\/\\\/www.staatsbad.de\\\/wp-content\\\/uploads\\\/2022\\\/03\\\/header_unterkuenfte.png\",\"width\":870,\"height\":640},{\"@type\":\"BreadcrumbList\",\"@id\":\"https:\\\/\\\/www.staatsbad.de\\\/en\\\/unterkuenfte\\\/#breadcrumb\",\"itemListElement\":[{\"@type\":\"ListItem\",\"position\":1,\"name\":\"Startseite\",\"item\":\"https:\\\/\\\/www.staatsbad.de\\\/en\\\/das-staatsbad-2\\\/\"},{\"@type\":\"ListItem\",\"position\":2,\"name\":\"Accommodation\"}]},{\"@type\":\"WebSite\",\"@id\":\"https:\\\/\\\/www.staatsbad.de\\\/#website\",\"url\":\"https:\\\/\\\/www.staatsbad.de\\\/\",\"name\":\"Staatsbad\",\"description\":\"\",\"potentialAction\":[{\"@type\":\"SearchAction\",\"target\":{\"@type\":\"EntryPoint\",\"urlTemplate\":\"https:\\\/\\\/www.staatsbad.de\\\/?s={search_term_string}\"},\"query-input\":{\"@type\":\"PropertyValueSpecification\",\"valueRequired\":true,\"valueName\":\"search_term_string\"}}],\"inLanguage\":\"en-US\"}]}<\/script>\n<!-- \/ Yoast SEO plugin. -->","yoast_head_json":{"title":"Accommodation | Staatsbad","robots":{"index":"index","follow":"follow","max-snippet":"max-snippet:-1","max-image-preview":"max-image-preview:large","max-video-preview":"max-video-preview:-1"},"canonical":"https:\/\/www.staatsbad.de\/en\/unterkuenfte\/","og_locale":"en_US","og_type":"article","og_title":"Accommodation | Staatsbad","og_description":"Unterk\u00fcnfte &amp; Gastronomie im Staatsbad Bad Br\u00fcckenau Die\u00a0Staatsbadkarte\u00a0zeigt die Lage Ihres Gastgebers Bewegen Sie den Mauszeiger \u00fcber die F\u00e4hnchen,\u00a0mit einem Klick sind Sie bei\u00a0Ihrem Gastgeber. Mit gedr\u00fcckter linker Maustaste verschieben...","og_url":"https:\/\/www.staatsbad.de\/en\/unterkuenfte\/","og_site_name":"Staatsbad","article_modified_time":"2025-11-14T15:58:54+00:00","og_image":[{"width":870,"height":640,"url":"https:\/\/www.staatsbad.de\/wp-content\/uploads\/2022\/03\/header_unterkuenfte.png","type":"image\/png"}],"twitter_card":"summary_large_image","twitter_misc":{"Est. reading time":"1 minute"},"schema":{"@context":"https:\/\/schema.org","@graph":[{"@type":"WebPage","@id":"https:\/\/www.staatsbad.de\/en\/unterkuenfte\/","url":"https:\/\/www.staatsbad.de\/en\/unterkuenfte\/","name":"Accommodation | Staatsbad","isPartOf":{"@id":"https:\/\/www.staatsbad.de\/#website"},"primaryImageOfPage":{"@id":"https:\/\/www.staatsbad.de\/en\/unterkuenfte\/#primaryimage"},"image":{"@id":"https:\/\/www.staatsbad.de\/en\/unterkuenfte\/#primaryimage"},"thumbnailUrl":"https:\/\/www.staatsbad.de\/wp-content\/uploads\/2022\/03\/header_unterkuenfte.png","datePublished":"2022-06-24T08:49:57+00:00","dateModified":"2025-11-14T15:58:54+00:00","breadcrumb":{"@id":"https:\/\/www.staatsbad.de\/en\/unterkuenfte\/#breadcrumb"},"inLanguage":"en-US","potentialAction":[{"@type":"ReadAction","target":["https:\/\/www.staatsbad.de\/en\/unterkuenfte\/"]}]},{"@type":"ImageObject","inLanguage":"en-US","@id":"https:\/\/www.staatsbad.de\/en\/unterkuenfte\/#primaryimage","url":"https:\/\/www.staatsbad.de\/wp-content\/uploads\/2022\/03\/header_unterkuenfte.png","contentUrl":"https:\/\/www.staatsbad.de\/wp-content\/uploads\/2022\/03\/header_unterkuenfte.png","width":870,"height":640},{"@type":"BreadcrumbList","@id":"https:\/\/www.staatsbad.de\/en\/unterkuenfte\/#breadcrumb","itemListElement":[{"@type":"ListItem","position":1,"name":"Startseite","item":"https:\/\/www.staatsbad.de\/en\/das-staatsbad-2\/"},{"@type":"ListItem","position":2,"name":"Accommodation"}]},{"@type":"WebSite","@id":"https:\/\/www.staatsbad.de\/#website","url":"https:\/\/www.staatsbad.de\/","name":"Staatsbad","description":"","potentialAction":[{"@type":"SearchAction","target":{"@type":"EntryPoint","urlTemplate":"https:\/\/www.staatsbad.de\/?s={search_term_string}"},"query-input":{"@type":"PropertyValueSpecification","valueRequired":true,"valueName":"search_term_string"}}],"inLanguage":"en-US"}]}},"_links":{"self":[{"href":"https:\/\/www.staatsbad.de\/en\/wp-json\/wp\/v2\/pages\/71923","targetHints":{"allow":["GET"]}}],"collection":[{"href":"https:\/\/www.staatsbad.de\/en\/wp-json\/wp\/v2\/pages"}],"about":[{"href":"https:\/\/www.staatsbad.de\/en\/wp-json\/wp\/v2\/types\/page"}],"author":[{"embeddable":true,"href":"https:\/\/www.staatsbad.de\/en\/wp-json\/wp\/v2\/users\/1"}],"replies":[{"embeddable":true,"href":"https:\/\/www.staatsbad.de\/en\/wp-json\/wp\/v2\/comments?post=71923"}],"version-history":[{"count":13,"href":"https:\/\/www.staatsbad.de\/en\/wp-json\/wp\/v2\/pages\/71923\/revisions"}],"predecessor-version":[{"id":81877,"href":"https:\/\/www.staatsbad.de\/en\/wp-json\/wp\/v2\/pages\/71923\/revisions\/81877"}],"wp:featuredmedia":[{"embeddable":true,"href":"https:\/\/www.staatsbad.de\/en\/wp-json\/wp\/v2\/media\/38671"}],"wp:attachment":[{"href":"https:\/\/www.staatsbad.de\/en\/wp-json\/wp\/v2\/media?parent=71923"}],"curies":[{"name":"wp","href":"https:\/\/api.w.org\/{rel}","templated":true}]}}