{"id":71936,"date":"2021-09-14T13:50:16","date_gmt":"2021-09-14T11:50:16","guid":{"rendered":"https:\/\/www.staatsbad.de\/feiern-tagen\/"},"modified":"2026-02-12T11:46:56","modified_gmt":"2026-02-12T10:46:56","slug":"feiern-tagen","status":"publish","type":"page","link":"https:\/\/www.staatsbad.de\/en\/feiern-tagen\/","title":{"rendered":"Celebrations &#038; Meetings"},"content":{"rendered":"<p>Welchen Anlass Sie auch haben nach einer au\u00dfergew\u00f6hnlichen Kulisse zu suchen, in den historischen Geb\u00e4uden des Staatsbades werden Sie f\u00fcndig. Ob Firmenfeier, Tagung, Hochzeit oder Geburtstag &#8211;\u00a0im Kursaalgeb\u00e4ude haben Sie einen festlichen Rahmen, den Sie so nicht \u00fcberall finden &#8211; ein unvergessliches Erlebnis f\u00fcr alle Teilnehmer. F\u00fcr kurzweilige Entspannung zwischendurch sorgt ein Spaziergang im <a href=\"https:\/\/www.staatsbad.de\/wp-content\/uploads\/2021\/03\/Uebersichtsplan-Schlosspark.pdf\" target=\"_blank\" rel=\"noopener\">Schlosspark-Ensemble<\/a>, das Heilwasser unserer f\u00fcnf Heilquellen erfrischt K\u00f6rper und Geist. Eine Vielzahl von Erlebnisangeboten aus den Bereichen Kultur, Sport, Gesundheit und Wellness runden Ihre Veranstaltung ab. Mit dem denkmalgesch\u00fctzten Kursaalgeb\u00e4ude und seinen S\u00e4len bleibt Ihr Fest besonders in Erinnerung.\u00a0 Die nahe gelegene Anbindung an die Autobahn A7 vereinfacht die Anreise Ihrer G\u00e4ste und das nur wenige Meter entfernte Dorint Resort &amp; Spa, Badhotel oder die idyllischen Ferienh\u00e4user und Pensionen in und um das Staatsbad bieten Unterk\u00fcnfte f\u00fcr wohligen Schlaf nach einem gelungenen Event.<\/p>\n<h2>Der sch\u00f6nste Tag im Leben<\/h2>\n<p>Sie m\u00f6chten Ihre Hochzeit in einem besonderen Ambiente feiern, eine Tagung in einer stilvollen Kulisse abhalten? Wir bieten Ihnen verschiedene S\u00e4le mit bis zu 300 Sitzpl\u00e4tzen, eine Preiseliste f\u00fcr Anmietungen in 2022 sehen Sie <a href=\"https:\/\/www.staatsbad.de\/wp-content\/uploads\/2021\/08\/Preisliste-2022-mit-Wandelhalle.pdf\" target=\"_blank\" rel=\"noopener\"><strong>hier<\/strong><\/a>, eine Vorschau auf 2023 gleich <strong><a href=\"https:\/\/www.staatsbad.de\/wp-content\/uploads\/2022\/02\/Preisliste-2023-mit-Wandelhalle.pdf\" target=\"_blank\" rel=\"noopener\">hier<\/a><\/strong>. Eine flexible B\u00fchne bietet Platz f\u00fcr die passende musikalische Untermalung. So k\u00f6nnen Sie Ihre Hochzeit oder Tagung f\u00fcr sich und Ihre G\u00e4ste zu einem unvergesslichen Ereignis machen, das in Erinnerung bleiben wird.<\/p>\n<p>Traumhaft tagen und feiern ist so einfach:<\/p>\n<ul>\n<li>geschlossenes Resort\/autofrei<\/li>\n<li>traumhafte Kulisse<\/li>\n<li>Freizeitparadies<\/li>\n<li>in der Mitte Deutschlands<\/li>\n<li>exquisites Catering<\/li>\n<li>stilvolle \u00dcbernachtung<\/li>\n<li>Standesamt, Kirche, Hochzeitslocation, \u00dcbernachtungsm\u00f6glichkeiten im Umkreis von 300 Metern<\/li>\n<\/ul>\n<hr \/>\n<p>Gerne stehen wir Ihnen f\u00fcr Fragen zur Verf\u00fcgung, eine Besichtigung unserer R\u00e4umlichkeiten ist selbstverst\u00e4ndlich gerne m\u00f6glich. Kontaktieren Sie bitte unsere Veranstaltungsabteilung im Staatsbad Bad Br\u00fcckenau: Tel. 09741 \/ 802 854 oder per E-Mail: <a href=\"mailto:info@staatsbad.de\">info@staatsbad.de<\/a>.<\/p>\n<hr \/>\n<p>&nbsp;<\/p>\n<p>&nbsp;<\/p>\n","protected":false},"excerpt":{"rendered":"<p>Welchen Anlass Sie auch haben nach einer au\u00dfergew\u00f6hnlichen Kulisse zu suchen, in den historischen Geb\u00e4uden des Staatsbades werden Sie f\u00fcndig. Ob Firmenfeier, Tagung, Hochzeit oder Geburtstag &#8211;\u00a0im Kursaalgeb\u00e4ude haben Sie&#8230;<\/p>\n","protected":false},"author":1,"featured_media":0,"parent":0,"menu_order":0,"comment_status":"closed","ping_status":"closed","template":"page-custom.php","meta":{"_acf_changed":false,"footnotes":""},"class_list":["post-71936","page","type-page","status-publish","hentry"],"acf":[],"yoast_head":"<!-- This site is optimized with the Yoast SEO plugin v27.5 - https:\/\/yoast.com\/product\/yoast-seo-wordpress\/ -->\n<title>Celebrations &amp; Meetings | Staatsbad<\/title>\n<meta name=\"robots\" content=\"index, follow, max-snippet:-1, max-image-preview:large, max-video-preview:-1\" \/>\n<link rel=\"canonical\" href=\"https:\/\/www.staatsbad.de\/en\/feiern-tagen\/\" \/>\n<meta property=\"og:locale\" content=\"en_US\" \/>\n<meta property=\"og:type\" content=\"article\" \/>\n<meta property=\"og:title\" content=\"Celebrations &amp; Meetings | Staatsbad\" \/>\n<meta property=\"og:description\" content=\"Welchen Anlass Sie auch haben nach einer au\u00dfergew\u00f6hnlichen Kulisse zu suchen, in den historischen Geb\u00e4uden des Staatsbades werden Sie f\u00fcndig. Ob Firmenfeier, Tagung, Hochzeit oder Geburtstag &#8211;\u00a0im Kursaalgeb\u00e4ude haben Sie...\" \/>\n<meta property=\"og:url\" content=\"https:\/\/www.staatsbad.de\/en\/feiern-tagen\/\" \/>\n<meta property=\"og:site_name\" content=\"Staatsbad\" \/>\n<meta property=\"article:modified_time\" content=\"2026-02-12T10:46:56+00:00\" \/>\n<meta name=\"twitter:card\" content=\"summary_large_image\" \/>\n<meta name=\"twitter:label1\" content=\"Est. reading time\" \/>\n\t<meta name=\"twitter:data1\" content=\"2 minutes\" \/>\n<script type=\"application\/ld+json\" class=\"yoast-schema-graph\">{\"@context\":\"https:\\\/\\\/schema.org\",\"@graph\":[{\"@type\":\"WebPage\",\"@id\":\"https:\\\/\\\/www.staatsbad.de\\\/en\\\/feiern-tagen\\\/\",\"url\":\"https:\\\/\\\/www.staatsbad.de\\\/en\\\/feiern-tagen\\\/\",\"name\":\"Celebrations & Meetings | Staatsbad\",\"isPartOf\":{\"@id\":\"https:\\\/\\\/www.staatsbad.de\\\/#website\"},\"datePublished\":\"2021-09-14T11:50:16+00:00\",\"dateModified\":\"2026-02-12T10:46:56+00:00\",\"breadcrumb\":{\"@id\":\"https:\\\/\\\/www.staatsbad.de\\\/en\\\/feiern-tagen\\\/#breadcrumb\"},\"inLanguage\":\"en-US\",\"potentialAction\":[{\"@type\":\"ReadAction\",\"target\":[\"https:\\\/\\\/www.staatsbad.de\\\/en\\\/feiern-tagen\\\/\"]}]},{\"@type\":\"BreadcrumbList\",\"@id\":\"https:\\\/\\\/www.staatsbad.de\\\/en\\\/feiern-tagen\\\/#breadcrumb\",\"itemListElement\":[{\"@type\":\"ListItem\",\"position\":1,\"name\":\"Startseite\",\"item\":\"https:\\\/\\\/www.staatsbad.de\\\/en\\\/das-staatsbad-2\\\/\"},{\"@type\":\"ListItem\",\"position\":2,\"name\":\"Celebrations &#038; Meetings\"}]},{\"@type\":\"WebSite\",\"@id\":\"https:\\\/\\\/www.staatsbad.de\\\/#website\",\"url\":\"https:\\\/\\\/www.staatsbad.de\\\/\",\"name\":\"Staatsbad\",\"description\":\"\",\"potentialAction\":[{\"@type\":\"SearchAction\",\"target\":{\"@type\":\"EntryPoint\",\"urlTemplate\":\"https:\\\/\\\/www.staatsbad.de\\\/?s={search_term_string}\"},\"query-input\":{\"@type\":\"PropertyValueSpecification\",\"valueRequired\":true,\"valueName\":\"search_term_string\"}}],\"inLanguage\":\"en-US\"}]}<\/script>\n<!-- \/ Yoast SEO plugin. -->","yoast_head_json":{"title":"Celebrations & Meetings | Staatsbad","robots":{"index":"index","follow":"follow","max-snippet":"max-snippet:-1","max-image-preview":"max-image-preview:large","max-video-preview":"max-video-preview:-1"},"canonical":"https:\/\/www.staatsbad.de\/en\/feiern-tagen\/","og_locale":"en_US","og_type":"article","og_title":"Celebrations & Meetings | Staatsbad","og_description":"Welchen Anlass Sie auch haben nach einer au\u00dfergew\u00f6hnlichen Kulisse zu suchen, in den historischen Geb\u00e4uden des Staatsbades werden Sie f\u00fcndig. Ob Firmenfeier, Tagung, Hochzeit oder Geburtstag &#8211;\u00a0im Kursaalgeb\u00e4ude haben Sie...","og_url":"https:\/\/www.staatsbad.de\/en\/feiern-tagen\/","og_site_name":"Staatsbad","article_modified_time":"2026-02-12T10:46:56+00:00","twitter_card":"summary_large_image","twitter_misc":{"Est. reading time":"2 minutes"},"schema":{"@context":"https:\/\/schema.org","@graph":[{"@type":"WebPage","@id":"https:\/\/www.staatsbad.de\/en\/feiern-tagen\/","url":"https:\/\/www.staatsbad.de\/en\/feiern-tagen\/","name":"Celebrations & Meetings | Staatsbad","isPartOf":{"@id":"https:\/\/www.staatsbad.de\/#website"},"datePublished":"2021-09-14T11:50:16+00:00","dateModified":"2026-02-12T10:46:56+00:00","breadcrumb":{"@id":"https:\/\/www.staatsbad.de\/en\/feiern-tagen\/#breadcrumb"},"inLanguage":"en-US","potentialAction":[{"@type":"ReadAction","target":["https:\/\/www.staatsbad.de\/en\/feiern-tagen\/"]}]},{"@type":"BreadcrumbList","@id":"https:\/\/www.staatsbad.de\/en\/feiern-tagen\/#breadcrumb","itemListElement":[{"@type":"ListItem","position":1,"name":"Startseite","item":"https:\/\/www.staatsbad.de\/en\/das-staatsbad-2\/"},{"@type":"ListItem","position":2,"name":"Celebrations &#038; Meetings"}]},{"@type":"WebSite","@id":"https:\/\/www.staatsbad.de\/#website","url":"https:\/\/www.staatsbad.de\/","name":"Staatsbad","description":"","potentialAction":[{"@type":"SearchAction","target":{"@type":"EntryPoint","urlTemplate":"https:\/\/www.staatsbad.de\/?s={search_term_string}"},"query-input":{"@type":"PropertyValueSpecification","valueRequired":true,"valueName":"search_term_string"}}],"inLanguage":"en-US"}]}},"_links":{"self":[{"href":"https:\/\/www.staatsbad.de\/en\/wp-json\/wp\/v2\/pages\/71936","targetHints":{"allow":["GET"]}}],"collection":[{"href":"https:\/\/www.staatsbad.de\/en\/wp-json\/wp\/v2\/pages"}],"about":[{"href":"https:\/\/www.staatsbad.de\/en\/wp-json\/wp\/v2\/types\/page"}],"author":[{"embeddable":true,"href":"https:\/\/www.staatsbad.de\/en\/wp-json\/wp\/v2\/users\/1"}],"replies":[{"embeddable":true,"href":"https:\/\/www.staatsbad.de\/en\/wp-json\/wp\/v2\/comments?post=71936"}],"version-history":[{"count":20,"href":"https:\/\/www.staatsbad.de\/en\/wp-json\/wp\/v2\/pages\/71936\/revisions"}],"predecessor-version":[{"id":82742,"href":"https:\/\/www.staatsbad.de\/en\/wp-json\/wp\/v2\/pages\/71936\/revisions\/82742"}],"wp:attachment":[{"href":"https:\/\/www.staatsbad.de\/en\/wp-json\/wp\/v2\/media?parent=71936"}],"curies":[{"name":"wp","href":"https:\/\/api.w.org\/{rel}","templated":true}]}}