{"id":72052,"date":"2022-03-10T08:05:49","date_gmt":"2022-03-10T07:05:49","guid":{"rendered":"https:\/\/www.staatsbad.de\/gastkarte-kurtaxe\/"},"modified":"2026-01-16T14:48:10","modified_gmt":"2026-01-16T13:48:10","slug":"gastkarte-kurtaxe","status":"publish","type":"page","link":"https:\/\/www.staatsbad.de\/en\/gastkarte-kurtaxe\/","title":{"rendered":"Guest card &#038; tourist tax"},"content":{"rendered":"<p class=\"bodytext\">Lieber Gast,<\/p>\n<p class=\"bodytext\">warum es sich lohnt eine Staatsbad-Gastkarte, eine Tages- und Jahreskarte zu haben&#8230;<a href=\"https:\/\/www.staatsbad.de\/wp-content\/uploads\/2022\/02\/2021-Folder-alle-Karten-plus-HQ.pdf\" target=\"_blank\" rel=\"noopener\"><em><strong>mehr<\/strong><\/em><\/a>.<\/p>\n<p class=\"bodytext\"><!--more--><\/p>\n<p class=\"bodytext\" style=\"text-align: justify;\">Unsere \u00dcbernachtungsg\u00e4ste zahlen Kurtaxe und erhalten damit die\u00a0Staatsbad-Gastkarte bei ihrer Anreise vom Gastgeber. Schwerbehinderte mit wenigstens 50 % Behinderung zahlen einen erm\u00e4\u00dfigten Kurtaxsatz. F\u00fcr Tagungs-\/Seminarg\u00e4ste sowie Personen die ausschlie\u00dflich zur Berufsaus\u00fcbung zu Gast im Staatsbad sind, reduziert sich die t\u00e4gliche Kurtaxe. <strong>Wof\u00fcr wird Kurtaxe erhoben?<\/strong> Wir m\u00f6chten Ihnen in unserem Kleinod den perfekten Rahmen f\u00fcr Ihren Aufenthalt bieten, und investieren den gesamten Beitrag in die Qualit\u00e4tssicherung insbesondere der Heilquellen und in den Standard der Staatsbadanlagen. Viele flei\u00dfige H\u00e4nde sorgen gerne f\u00fcr die Pflege des Schlosspark-Ensembles, den Genuss der W\u00e4sser im pr\u00e4chtigen Kursaalgeb\u00e4ude, ein abwechslungsreiches Kultur- und Freizeitprogramm, das erg\u00e4nzt um qualitativ hochwertigste Gesundheitsangebote, die Basis f\u00fcr diese Erhebung der Kurtaxe ist. Das Gesamtleistungspaket Ihrer Gastkarte schlie\u00dft zudem viele weitere Vorteile und Extras (z.B. kostenfrei Minigolf\/Tennis\/Golf) ein, die nur Ihnen als Gastkarteninhaber und Kurtaxzahler zuteilwerden. Es w\u00e4ren zu viele Leistungselemente um alle aufzuz\u00e4hlen, informieren Sie sich gleich <a href=\"https:\/\/www.staatsbad.de\/wp-content\/uploads\/2020\/08\/web-Gastkarten-2020-Folder-alle-Karten.pdf\" target=\"_blank\" rel=\"noopener\"><em><strong>hier<\/strong><\/em><\/a>.<\/p>\n<p class=\"bodytext\" style=\"text-align: justify;\">Tagesg\u00e4ste erwerben ihre Tageskarte in der G\u00e4ste-Information, der Wandelhalle bzw. bei Veranstaltungen im Kursaalgeb\u00e4ude und k\u00f6nnen f\u00fcr einmal zahlen den ganzen Tag lang das Kulturprogramm, Naturerlebnis und Freizeitpaket nutzen. Alternativ bietet sich f\u00fcr Stammg\u00e4ste und alle, die es werden m\u00f6chten, die Jahreskarte (126,00 \u20ac) an, sie ist\u00a0in der G\u00e4ste-Information erh\u00e4ltlich. Und, nicht kurtaxpflichtig sind Personen bis zur Vollendung des 18. Lebensjahres.<\/p>\n<div>\n<p>\u00dcbrigens, mit der Gastkarte f\u00fcr \u00dcbernachtungsg\u00e4ste k\u00f6nnen Sie Ausflugsbusse kostenfrei nutzen. Fahrpl\u00e4ne: <a href=\"https:\/\/kob-bus.de\/wp-content\/uploads\/2021\/01\/8054-8113-Expresslinie-DB-2021.pdf\" target=\"_blank\" rel=\"noopener\">Expressbusverbindung Fulda<\/a><a href=\"http:\/\/www.baederlandbus.de\" target=\"_blank\" rel=\"noopener\">, B\u00e4derlandbus<\/a> (Mai-Okt.) und der <a href=\"https:\/\/www.sinntalbus.de\/\" target=\"_blank\" rel=\"noopener\">Sinntalbus<\/a>.<\/p>\n<\/div>\n","protected":false},"excerpt":{"rendered":"<p>Lieber Gast, warum es sich lohnt eine Staatsbad-Gastkarte, eine Tages- und Jahreskarte zu haben&#8230;mehr.<\/p>\n","protected":false},"author":2,"featured_media":0,"parent":0,"menu_order":0,"comment_status":"closed","ping_status":"closed","template":"page-custom.php","meta":{"_acf_changed":false,"footnotes":""},"class_list":["post-72052","page","type-page","status-publish","hentry"],"acf":[],"yoast_head":"<!-- This site is optimized with the Yoast SEO plugin v27.5 - https:\/\/yoast.com\/product\/yoast-seo-wordpress\/ -->\n<title>Guest card &amp; tourist tax | Staatsbad<\/title>\n<meta name=\"robots\" content=\"index, follow, max-snippet:-1, max-image-preview:large, max-video-preview:-1\" \/>\n<link rel=\"canonical\" href=\"https:\/\/www.staatsbad.de\/en\/gastkarte-kurtaxe\/\" \/>\n<meta property=\"og:locale\" content=\"en_US\" \/>\n<meta property=\"og:type\" content=\"article\" \/>\n<meta property=\"og:title\" content=\"Guest card &amp; tourist tax | Staatsbad\" \/>\n<meta property=\"og:description\" content=\"Lieber Gast, warum es sich lohnt eine Staatsbad-Gastkarte, eine Tages- und Jahreskarte zu haben&#8230;mehr.\" \/>\n<meta property=\"og:url\" content=\"https:\/\/www.staatsbad.de\/en\/gastkarte-kurtaxe\/\" \/>\n<meta property=\"og:site_name\" content=\"Staatsbad\" \/>\n<meta property=\"article:modified_time\" content=\"2026-01-16T13:48:10+00:00\" \/>\n<meta name=\"twitter:card\" content=\"summary_large_image\" \/>\n<meta name=\"twitter:label1\" content=\"Est. reading time\" \/>\n\t<meta name=\"twitter:data1\" content=\"2 minutes\" \/>\n<script type=\"application\/ld+json\" class=\"yoast-schema-graph\">{\"@context\":\"https:\\\/\\\/schema.org\",\"@graph\":[{\"@type\":\"WebPage\",\"@id\":\"https:\\\/\\\/www.staatsbad.de\\\/en\\\/gastkarte-kurtaxe\\\/\",\"url\":\"https:\\\/\\\/www.staatsbad.de\\\/en\\\/gastkarte-kurtaxe\\\/\",\"name\":\"Guest card & tourist tax | Staatsbad\",\"isPartOf\":{\"@id\":\"https:\\\/\\\/www.staatsbad.de\\\/#website\"},\"datePublished\":\"2022-03-10T07:05:49+00:00\",\"dateModified\":\"2026-01-16T13:48:10+00:00\",\"breadcrumb\":{\"@id\":\"https:\\\/\\\/www.staatsbad.de\\\/en\\\/gastkarte-kurtaxe\\\/#breadcrumb\"},\"inLanguage\":\"en-US\",\"potentialAction\":[{\"@type\":\"ReadAction\",\"target\":[\"https:\\\/\\\/www.staatsbad.de\\\/en\\\/gastkarte-kurtaxe\\\/\"]}]},{\"@type\":\"BreadcrumbList\",\"@id\":\"https:\\\/\\\/www.staatsbad.de\\\/en\\\/gastkarte-kurtaxe\\\/#breadcrumb\",\"itemListElement\":[{\"@type\":\"ListItem\",\"position\":1,\"name\":\"Startseite\",\"item\":\"https:\\\/\\\/www.staatsbad.de\\\/en\\\/das-staatsbad-2\\\/\"},{\"@type\":\"ListItem\",\"position\":2,\"name\":\"Guest card &#038; tourist tax\"}]},{\"@type\":\"WebSite\",\"@id\":\"https:\\\/\\\/www.staatsbad.de\\\/#website\",\"url\":\"https:\\\/\\\/www.staatsbad.de\\\/\",\"name\":\"Staatsbad\",\"description\":\"\",\"potentialAction\":[{\"@type\":\"SearchAction\",\"target\":{\"@type\":\"EntryPoint\",\"urlTemplate\":\"https:\\\/\\\/www.staatsbad.de\\\/?s={search_term_string}\"},\"query-input\":{\"@type\":\"PropertyValueSpecification\",\"valueRequired\":true,\"valueName\":\"search_term_string\"}}],\"inLanguage\":\"en-US\"}]}<\/script>\n<!-- \/ Yoast SEO plugin. -->","yoast_head_json":{"title":"Guest card & tourist tax | Staatsbad","robots":{"index":"index","follow":"follow","max-snippet":"max-snippet:-1","max-image-preview":"max-image-preview:large","max-video-preview":"max-video-preview:-1"},"canonical":"https:\/\/www.staatsbad.de\/en\/gastkarte-kurtaxe\/","og_locale":"en_US","og_type":"article","og_title":"Guest card & tourist tax | Staatsbad","og_description":"Lieber Gast, warum es sich lohnt eine Staatsbad-Gastkarte, eine Tages- und Jahreskarte zu haben&#8230;mehr.","og_url":"https:\/\/www.staatsbad.de\/en\/gastkarte-kurtaxe\/","og_site_name":"Staatsbad","article_modified_time":"2026-01-16T13:48:10+00:00","twitter_card":"summary_large_image","twitter_misc":{"Est. reading time":"2 minutes"},"schema":{"@context":"https:\/\/schema.org","@graph":[{"@type":"WebPage","@id":"https:\/\/www.staatsbad.de\/en\/gastkarte-kurtaxe\/","url":"https:\/\/www.staatsbad.de\/en\/gastkarte-kurtaxe\/","name":"Guest card & tourist tax | Staatsbad","isPartOf":{"@id":"https:\/\/www.staatsbad.de\/#website"},"datePublished":"2022-03-10T07:05:49+00:00","dateModified":"2026-01-16T13:48:10+00:00","breadcrumb":{"@id":"https:\/\/www.staatsbad.de\/en\/gastkarte-kurtaxe\/#breadcrumb"},"inLanguage":"en-US","potentialAction":[{"@type":"ReadAction","target":["https:\/\/www.staatsbad.de\/en\/gastkarte-kurtaxe\/"]}]},{"@type":"BreadcrumbList","@id":"https:\/\/www.staatsbad.de\/en\/gastkarte-kurtaxe\/#breadcrumb","itemListElement":[{"@type":"ListItem","position":1,"name":"Startseite","item":"https:\/\/www.staatsbad.de\/en\/das-staatsbad-2\/"},{"@type":"ListItem","position":2,"name":"Guest card &#038; tourist tax"}]},{"@type":"WebSite","@id":"https:\/\/www.staatsbad.de\/#website","url":"https:\/\/www.staatsbad.de\/","name":"Staatsbad","description":"","potentialAction":[{"@type":"SearchAction","target":{"@type":"EntryPoint","urlTemplate":"https:\/\/www.staatsbad.de\/?s={search_term_string}"},"query-input":{"@type":"PropertyValueSpecification","valueRequired":true,"valueName":"search_term_string"}}],"inLanguage":"en-US"}]}},"_links":{"self":[{"href":"https:\/\/www.staatsbad.de\/en\/wp-json\/wp\/v2\/pages\/72052","targetHints":{"allow":["GET"]}}],"collection":[{"href":"https:\/\/www.staatsbad.de\/en\/wp-json\/wp\/v2\/pages"}],"about":[{"href":"https:\/\/www.staatsbad.de\/en\/wp-json\/wp\/v2\/types\/page"}],"author":[{"embeddable":true,"href":"https:\/\/www.staatsbad.de\/en\/wp-json\/wp\/v2\/users\/2"}],"replies":[{"embeddable":true,"href":"https:\/\/www.staatsbad.de\/en\/wp-json\/wp\/v2\/comments?post=72052"}],"version-history":[{"count":8,"href":"https:\/\/www.staatsbad.de\/en\/wp-json\/wp\/v2\/pages\/72052\/revisions"}],"predecessor-version":[{"id":82513,"href":"https:\/\/www.staatsbad.de\/en\/wp-json\/wp\/v2\/pages\/72052\/revisions\/82513"}],"wp:attachment":[{"href":"https:\/\/www.staatsbad.de\/en\/wp-json\/wp\/v2\/media?parent=72052"}],"curies":[{"name":"wp","href":"https:\/\/api.w.org\/{rel}","templated":true}]}}